{"id":86,"date":"2019-10-03T22:13:30","date_gmt":"2019-10-03T22:13:30","guid":{"rendered":"http:\/\/i9piscinas.com.br\/loja\/?post_type=product&#038;p=86"},"modified":"2023-05-23T14:41:08","modified_gmt":"2023-05-23T14:41:08","slug":"timer-programavel-de-tomada","status":"publish","type":"product","link":"https:\/\/i9piscinas.com.br\/loja\/produto\/timer-programavel-de-tomada\/","title":{"rendered":"TIMER PROGRAM\u00c1VEL DE TOMADA"},"content":{"rendered":"<ul>\n<li>Tomadas conforme o novo Padr\u00e3o Brasileiro<\/li>\n<li>capacidade de corrente :10 amp resistivo;<\/li>\n<li>alimenta\u00e7\u00e3o 127v ou 220v(bivolt)<\/li>\n<li>com sele\u00e7\u00e3o autom\u00e1tica de voltagem;<\/li>\n<li>96 programa\u00e7\u00f5es diarias, com intervalo minimo de 15minutos entre ajustes;<\/li>\n<li>chave manual\/ automatica; que permite desativar temporariamente.<\/li>\n<\/ul>\n","protected":false},"excerpt":{"rendered":"<p>Tomadas conforme o novo Padr\u00e3o Brasileiro capacidade de corrente :10 amp resistivo; alimenta\u00e7\u00e3o 127v ou 220v(bivolt) com sele\u00e7\u00e3o autom\u00e1tica de voltagem; 96 programa\u00e7\u00f5es diarias, com intervalo minimo de 15minutos entre ajustes; chave manual\/ automatica; que permite desativar temporariamente.<\/p>\n","protected":false},"featured_media":87,"comment_status":"open","ping_status":"closed","template":"","meta":[],"product_cat":[36],"product_tag":[],"_links":{"self":[{"href":"https:\/\/i9piscinas.com.br\/loja\/wp-json\/wp\/v2\/product\/86"}],"collection":[{"href":"https:\/\/i9piscinas.com.br\/loja\/wp-json\/wp\/v2\/product"}],"about":[{"href":"https:\/\/i9piscinas.com.br\/loja\/wp-json\/wp\/v2\/types\/product"}],"replies":[{"embeddable":true,"href":"https:\/\/i9piscinas.com.br\/loja\/wp-json\/wp\/v2\/comments?post=86"}],"wp:featuredmedia":[{"embeddable":true,"href":"https:\/\/i9piscinas.com.br\/loja\/wp-json\/wp\/v2\/media\/87"}],"wp:attachment":[{"href":"https:\/\/i9piscinas.com.br\/loja\/wp-json\/wp\/v2\/media?parent=86"}],"wp:term":[{"taxonomy":"product_cat","embeddable":true,"href":"https:\/\/i9piscinas.com.br\/loja\/wp-json\/wp\/v2\/product_cat?post=86"},{"taxonomy":"product_tag","embeddable":true,"href":"https:\/\/i9piscinas.com.br\/loja\/wp-json\/wp\/v2\/product_tag?post=86"}],"curies":[{"name":"wp","href":"https:\/\/api.w.org\/{rel}","templated":true}]}}