{"id":5201,"date":"2023-06-02T16:01:23","date_gmt":"2023-06-02T16:01:23","guid":{"rendered":"https:\/\/i9piscinas.com.br\/loja\/?post_type=product&#038;p=5201"},"modified":"2023-06-02T16:01:23","modified_gmt":"2023-06-02T16:01:23","slug":"cloro-neoclor-3-em-1","status":"publish","type":"product","link":"https:\/\/i9piscinas.com.br\/loja\/produto\/cloro-neoclor-3-em-1\/","title":{"rendered":"Cloro Neoclor 3 em 1"},"content":{"rendered":"<p><img decoding=\"async\" loading=\"lazy\" class=\"alignnone size-full wp-image-5203\" src=\"https:\/\/i9piscinas.com.br\/loja\/wp-content\/uploads\/2023\/06\/download.jpeg\" alt=\"\" width=\"225\" height=\"225\" srcset=\"https:\/\/i9piscinas.com.br\/loja\/wp-content\/uploads\/2023\/06\/download.jpeg 225w, https:\/\/i9piscinas.com.br\/loja\/wp-content\/uploads\/2023\/06\/download-150x150.jpeg 150w, https:\/\/i9piscinas.com.br\/loja\/wp-content\/uploads\/2023\/06\/download-100x100.jpeg 100w\" sizes=\"(max-width: 225px) 100vw, 225px\" \/><\/p>\n<p>&nbsp;<\/p>\n<p>&nbsp;<\/p>\n<p>&nbsp;<\/p>\n<p>Produto 3 em 1, com efeito sanitizante, clarificante e algist\u00e1tico. Cloro org\u00e2nico estabilizado, que possui agentes protetores contra a degrada\u00e7\u00e3o do sol. N\u00e3o deixa nenhum res\u00edduo insol\u00favel que possa provocar deixar a \u00e1gua turva ou prejudicar o filtro. Pode ser usado nas dosagens recomendadas, sem restri\u00e7\u00f5es, em piscinas de fibra e vinil, pintura ou azulejos. Possui em sua formula\u00e7\u00e3o estabilizante de pH e alcalinidade, reduzindo consumo de alcalinizante e elevador de pH.<\/p>\n<h3 class=\"h-feature-headline h3\">DIFERENCIAIS<\/h3>\n<hr class=\"x-hr\" \/>\n<div class=\"x-text\">\n<p class=\"p1\"><span class=\"s1\">-Produto 3 em 1, com efeito do cloro (sanitizante), clarificante e algist\u00e1tico;<br \/>\n-Com estabilizante de pH e alcalinidade;<\/span><span class=\"s2\">\u00a0<\/span><span class=\"s1\"><br \/>\n-Reduz o consumo de clarificante e algicida de manuten\u00e7\u00e3o.<\/span><\/p>\n<\/div>\n","protected":false},"excerpt":{"rendered":"<p>Produto 3 em 1, com efeito sanitizante, clarificante e algist\u00e1tico. Cloro org\u00e2nico estabilizado, que possui agentes protetores contra a degrada\u00e7\u00e3o do sol. N\u00e3o deixa nenhum res\u00edduo insol\u00favel que possa provocar deixar a \u00e1gua turva ou prejudicar o filtro. Pode ser usado nas dosagens recomendadas, sem restri\u00e7\u00f5es, em piscinas de fibra e vinil, pintura ou azulejos. Possui em sua formula\u00e7\u00e3o estabilizante de pH e alcalinidade, reduzindo consumo de alcalinizante e elevador de pH.<\/p>\n<h3 class=\"h-feature-headline h3\">DIFERENCIAIS<\/h3>\n<hr class=\"x-hr\" \/>\n<div class=\"x-text\">\n<p class=\"p1\"><span class=\"s1\">-Produto 3 em 1, com efeito do cloro (sanitizante), clarificante e algist\u00e1tico;<br \/>\n-Com estabilizante de pH e alcalinidade;<\/span><span class=\"s2\">\u00a0<\/span><span class=\"s1\"><br \/>\n-Reduz o consumo de clarificante e algicida de manuten\u00e7\u00e3o.<\/span><\/p>\n<\/div>\n<p>&nbsp;<\/p>\n","protected":false},"featured_media":5203,"comment_status":"open","ping_status":"closed","template":"","meta":[],"product_cat":[15,55],"product_tag":[56,57,32],"_links":{"self":[{"href":"https:\/\/i9piscinas.com.br\/loja\/wp-json\/wp\/v2\/product\/5201"}],"collection":[{"href":"https:\/\/i9piscinas.com.br\/loja\/wp-json\/wp\/v2\/product"}],"about":[{"href":"https:\/\/i9piscinas.com.br\/loja\/wp-json\/wp\/v2\/types\/product"}],"replies":[{"embeddable":true,"href":"https:\/\/i9piscinas.com.br\/loja\/wp-json\/wp\/v2\/comments?post=5201"}],"wp:featuredmedia":[{"embeddable":true,"href":"https:\/\/i9piscinas.com.br\/loja\/wp-json\/wp\/v2\/media\/5203"}],"wp:attachment":[{"href":"https:\/\/i9piscinas.com.br\/loja\/wp-json\/wp\/v2\/media?parent=5201"}],"wp:term":[{"taxonomy":"product_cat","embeddable":true,"href":"https:\/\/i9piscinas.com.br\/loja\/wp-json\/wp\/v2\/product_cat?post=5201"},{"taxonomy":"product_tag","embeddable":true,"href":"https:\/\/i9piscinas.com.br\/loja\/wp-json\/wp\/v2\/product_tag?post=5201"}],"curies":[{"name":"wp","href":"https:\/\/api.w.org\/{rel}","templated":true}]}}