{"id":5183,"date":"2021-04-07T21:16:29","date_gmt":"2021-04-07T21:16:29","guid":{"rendered":"https:\/\/i9piscinas.com.br\/loja\/?post_type=product&#038;p=5183"},"modified":"2023-05-23T14:27:39","modified_gmt":"2023-05-23T14:27:39","slug":"aquecedor-de-piscina-bomba-de-calor-industek-id80-trif-220v","status":"publish","type":"product","link":"https:\/\/i9piscinas.com.br\/loja\/produto\/aquecedor-de-piscina-bomba-de-calor-industek-id80-trif-220v\/","title":{"rendered":"AQUECEDOR DE PISCINA \u2013 BOMBA DE CALOR \u2013 INDUSTEK \u2013 ID80 TRIF 220V"},"content":{"rendered":"<p>Os aquecedores ou bombas de calor para piscina Industek\u00a0 s\u00e3o uma forma econ\u00f4mica e eficiente de aquecer sua piscina, que utiliza uma fonte de energia renov\u00e1vel, retirando o calor do ar e transferindo-o para a \u00e1gua.<br \/>\n\u2013 Condensador de Tit\u00e2nio totalmente anticorrosivo, tornando o equipamento mais resistente ao cloro e ao sal muito presentes na \u00e1gua.<br \/>\n\u2013 Compressor rotativo que torna o equipamento com o menor ru\u00eddo do mercado.<br \/>\n\u2013 Maior performance do mercado com baixo consumo , at\u00e9 em temperaturas negativas.<\/p>\n<p>Volume da Piscina (m3): 80<\/p>\n<p>\u00c1rea da Piscina (m2): 50<\/p>\n<p>Capacidade Nominal (BTU\/h): 80.000<\/p>\n<p>Capacidade Nominal (Kcal\/h): 20.173<\/p>\n<p>Pot\u00eancia Consumida (KW\/h): 4.3<\/p>\n<p>Coeficiente de Produ\u00e7\u00e3o (COP): 6.5<\/p>\n<p>Alimenta\u00e7\u00e3o: 220V 1~ \/ 200V 3~\/ 380V 3N~<\/p>\n<p>Tipo de Compressor: Rotativo<\/p>\n<p>Tipo de Condensador: Tit\u00e2nio<\/p>\n<p>Medidas L x C x A (mm): 700 x 700 x 820<\/p>\n<p>&nbsp;<\/p>\n","protected":false},"excerpt":{"rendered":"<p>Os aquecedores ou bombas de calor para piscina Industek\u00a0 s\u00e3o uma forma econ\u00f4mica e eficiente de aquecer sua piscina, que utiliza uma fonte de energia renov\u00e1vel, retirando o calor do ar e transferindo-o para a \u00e1gua. \u2013 Condensador de Tit\u00e2nio totalmente anticorrosivo, tornando o equipamento mais resistente ao cloro e ao sal muito presentes na [&hellip;]<\/p>\n","protected":false},"featured_media":5170,"comment_status":"open","ping_status":"closed","template":"","meta":[],"product_cat":[35],"product_tag":[52,54,53],"_links":{"self":[{"href":"https:\/\/i9piscinas.com.br\/loja\/wp-json\/wp\/v2\/product\/5183"}],"collection":[{"href":"https:\/\/i9piscinas.com.br\/loja\/wp-json\/wp\/v2\/product"}],"about":[{"href":"https:\/\/i9piscinas.com.br\/loja\/wp-json\/wp\/v2\/types\/product"}],"replies":[{"embeddable":true,"href":"https:\/\/i9piscinas.com.br\/loja\/wp-json\/wp\/v2\/comments?post=5183"}],"wp:featuredmedia":[{"embeddable":true,"href":"https:\/\/i9piscinas.com.br\/loja\/wp-json\/wp\/v2\/media\/5170"}],"wp:attachment":[{"href":"https:\/\/i9piscinas.com.br\/loja\/wp-json\/wp\/v2\/media?parent=5183"}],"wp:term":[{"taxonomy":"product_cat","embeddable":true,"href":"https:\/\/i9piscinas.com.br\/loja\/wp-json\/wp\/v2\/product_cat?post=5183"},{"taxonomy":"product_tag","embeddable":true,"href":"https:\/\/i9piscinas.com.br\/loja\/wp-json\/wp\/v2\/product_tag?post=5183"}],"curies":[{"name":"wp","href":"https:\/\/api.w.org\/{rel}","templated":true}]}}