{"id":5169,"date":"2021-04-07T20:11:29","date_gmt":"2021-04-07T20:11:29","guid":{"rendered":"https:\/\/i9piscinas.com.br\/loja\/?post_type=product&#038;p=5169"},"modified":"2024-11-10T20:03:55","modified_gmt":"2024-11-10T20:03:55","slug":"aquecedor-de-piscina-bomba-de-calor-industek-id10-mono","status":"publish","type":"product","link":"https:\/\/i9piscinas.com.br\/loja\/produto\/aquecedor-de-piscina-bomba-de-calor-industek-id10-mono\/","title":{"rendered":"AQUECEDOR DE PISCINA &#8211; BOMBA DE CALOR &#8211;  INDUSTEK &#8211; ID10 MONO"},"content":{"rendered":"<p>Os aquecedores ou bombas de calor para piscina Industek s\u00e3o uma forma econ\u00f4mica e eficiente de aquecer sua piscina, que utiliza uma fonte de energia renov\u00e1vel, retirando o calor do ar e transferindo-o para a \u00e1gua.<br \/>\n&#8211; Condensador de Tit\u00e2nio totalmente anticorrosivo, tornando o equipamento mais resistente ao cloro e ao sal muito presentes na \u00e1gua.<br \/>\n&#8211; Compressor rotativo que torna o equipamento com o menor ru\u00eddo do mercado.<br \/>\n&#8211; Maior performance do mercado com baixo consumo , at\u00e9 em temperaturas negativas.<\/p>\n","protected":false},"excerpt":{"rendered":"<p>Os aquecedores ou bombas de calor para piscina Industek s\u00e3o uma forma econ\u00f4mica e eficiente de aquecer sua piscina, que utiliza uma fonte de energia renov\u00e1vel, retirando o calor do ar e transferindo-o para a \u00e1gua. &#8211; Condensador de Tit\u00e2nio totalmente anticorrosivo, tornando o equipamento mais resistente ao cloro e ao sal muito presentes na [&hellip;]<\/p>\n","protected":false},"featured_media":5170,"comment_status":"open","ping_status":"closed","template":"","meta":[],"product_cat":[35],"product_tag":[52,54,53],"_links":{"self":[{"href":"https:\/\/i9piscinas.com.br\/loja\/wp-json\/wp\/v2\/product\/5169"}],"collection":[{"href":"https:\/\/i9piscinas.com.br\/loja\/wp-json\/wp\/v2\/product"}],"about":[{"href":"https:\/\/i9piscinas.com.br\/loja\/wp-json\/wp\/v2\/types\/product"}],"replies":[{"embeddable":true,"href":"https:\/\/i9piscinas.com.br\/loja\/wp-json\/wp\/v2\/comments?post=5169"}],"wp:featuredmedia":[{"embeddable":true,"href":"https:\/\/i9piscinas.com.br\/loja\/wp-json\/wp\/v2\/media\/5170"}],"wp:attachment":[{"href":"https:\/\/i9piscinas.com.br\/loja\/wp-json\/wp\/v2\/media?parent=5169"}],"wp:term":[{"taxonomy":"product_cat","embeddable":true,"href":"https:\/\/i9piscinas.com.br\/loja\/wp-json\/wp\/v2\/product_cat?post=5169"},{"taxonomy":"product_tag","embeddable":true,"href":"https:\/\/i9piscinas.com.br\/loja\/wp-json\/wp\/v2\/product_tag?post=5169"}],"curies":[{"name":"wp","href":"https:\/\/api.w.org\/{rel}","templated":true}]}}