{"id":50,"date":"2019-08-14T17:02:41","date_gmt":"2019-08-14T17:02:41","guid":{"rendered":"http:\/\/i9piscinas.com.br\/loja\/?post_type=product&#038;p=50"},"modified":"2025-04-15T18:41:35","modified_gmt":"2025-04-15T18:41:35","slug":"piscina-prism-frame-11-325-litros","status":"publish","type":"product","link":"https:\/\/i9piscinas.com.br\/loja\/produto\/piscina-prism-frame-11-325-litros\/","title":{"rendered":"Piscina Prism Frame 11.325 litros"},"content":{"rendered":"<p style=\"font-weight: 400;\">A Lona desta piscina \u00e9 fabricada com a tecnologia Super-Tough , com 3 camadas de material laminado extraforte, de primeira qualidade que proporciona alta resist\u00eancia e durabilidade,\u00a0que durar\u00e1 ver\u00e3o ap\u00f3s ver\u00e3o!<\/p>\n<p style=\"font-weight: 400;\">A estrutura \u00e9 de a\u00e7o e n\u00e3o se danificar\u00e1 porque est\u00e1 pintada com Epoxy que protege as barras das adversidades climatol\u00f3gicas como o sol, o vento ou a chuva.<\/p>\n<p style=\"font-weight: 400;\">Neste kit voc\u00ea encontrara todos os acess\u00f3rios para desfrutar ao m\u00e1ximo da sua piscina: : uma escada de seguran\u00e7a com plataforma e 3 degraus desmont\u00e1veis, tapete protetor contra os danos e uma cobertura de vinil super\u00a0 resistente com pequenos orif\u00edcios para evitar acumula\u00e7\u00e3o de \u00e1gua e aba de 25 cm. Para facilitar a sua utiliza\u00e7\u00e3o, a piscina conta com uma tampa de escoamento para conectar a uma mangueira de jardim, pelo que poder\u00e1 esvaziar na zona mais apropriada da sua casa, mesmo que fique afastada da piscina.<\/p>\n<p style=\"font-weight: 400;\">E, como era de esperar, n\u00e3o podemos deixar de real\u00e7ar a import\u00e2ncia de cuidar da qualidade da \u00e1gua. Para isso inclui uma bomba\u00a0\u00a0filtro, com cartucho do tipo A, que filtra\u00a02.006 litros\/hora que demora umas 4 horas para depurar toda a \u00e1gua da piscina e que usa filtros do tipo A (inclui mangueiras com conex\u00e3o de 32 cm de di\u00e2metro).<\/p>\n<p style=\"font-weight: 400;\">Tamanho: 4.57 m (di\u00e2metro) x 84 cm (altura) e tem capacidade para 11.325 litros de \u00e1gua e pode\u00a0ser utilizada por 4 pessoas maiores de 6 anos.<\/p>\n<p style=\"font-weight: 400;\">Refer\u00eancia: \u00a028721\u00a0 110-120 v<\/p>\n<p style=\"font-weight: 400;\">\u00a0\u00a0\u00a0\u00a0\u00a0\u00a0\u00a0\u00a0\u00a0\u00a0\u00a0 \u00a0\u00a0\u00a0\u00a0\u00a0\u00a0\u00a0\u00a0\u00a0\u00a0\u00a026728 220-240 v<\/p>\n","protected":false},"excerpt":{"rendered":"<p>As piscinas Prism Frame s\u00e3o desenhadas e fabricadas com tecnologia de ultima gera\u00e7\u00e3o, com um m\u00e9todo revolucion\u00e1rio que \u00e9 o Hydro Technology que melhora a filtragem e aumenta a pureza da \u00e1gua. Mas, o melhor de tudo, \u00e9 que melhora a quantidade de \u00edons negativos sobre a superf\u00edcie da \u00e1gua, aumentando o bem-estar dos usu\u00e1rios.<\/p>\n","protected":false},"featured_media":54,"comment_status":"open","ping_status":"closed","template":"","meta":[],"product_cat":[15],"product_tag":[32,33],"_links":{"self":[{"href":"https:\/\/i9piscinas.com.br\/loja\/wp-json\/wp\/v2\/product\/50"}],"collection":[{"href":"https:\/\/i9piscinas.com.br\/loja\/wp-json\/wp\/v2\/product"}],"about":[{"href":"https:\/\/i9piscinas.com.br\/loja\/wp-json\/wp\/v2\/types\/product"}],"replies":[{"embeddable":true,"href":"https:\/\/i9piscinas.com.br\/loja\/wp-json\/wp\/v2\/comments?post=50"}],"wp:featuredmedia":[{"embeddable":true,"href":"https:\/\/i9piscinas.com.br\/loja\/wp-json\/wp\/v2\/media\/54"}],"wp:attachment":[{"href":"https:\/\/i9piscinas.com.br\/loja\/wp-json\/wp\/v2\/media?parent=50"}],"wp:term":[{"taxonomy":"product_cat","embeddable":true,"href":"https:\/\/i9piscinas.com.br\/loja\/wp-json\/wp\/v2\/product_cat?post=50"},{"taxonomy":"product_tag","embeddable":true,"href":"https:\/\/i9piscinas.com.br\/loja\/wp-json\/wp\/v2\/product_tag?post=50"}],"curies":[{"name":"wp","href":"https:\/\/api.w.org\/{rel}","templated":true}]}}