{"id":43,"date":"2019-08-14T16:07:59","date_gmt":"2019-08-14T16:07:59","guid":{"rendered":"http:\/\/i9piscinas.com.br\/loja\/?post_type=product&#038;p=43"},"modified":"2023-05-23T14:41:09","modified_gmt":"2023-05-23T14:41:09","slug":"refletor-de-led-inox","status":"publish","type":"product","link":"https:\/\/i9piscinas.com.br\/loja\/produto\/refletor-de-led-inox\/","title":{"rendered":"Refletor de Led INOX"},"content":{"rendered":"<p>Refletor de Led INOX para piscina:<\/p>\n<ul>\n<li>LED RGB 9W ou 18W<\/li>\n<li>\u00c1rea de ilumina\u00e7\u00e3o aproximadamente 6m<sup>2<\/sup><\/li>\n<li>Consumo aproximadamente 9W\/1A<\/li>\n<li>Rosca 1\/2&#8243; Tamanho=\u00d8 12,5cm ou\u00a0\u00d8 8cm<\/li>\n<li>Tecnologia LED SMD<\/li>\n<li>\u00c2ngulo de abertura dos LED&#8217;s de 120\u00b0<\/li>\n<li>A prova d&#8217;\u00e1gua (IP68 &#8211; uso submerso)<\/li>\n<li>Desenvolvido cuidadosamente com materiais de qualidade para garantir alta prote\u00e7\u00e3o contra intemp\u00e9ries (cloro, sol, maresia, etc)<\/li>\n<li>Tens\u00e3o de alimenta\u00e7\u00e3o: 12Vcc estabilizada<\/li>\n<\/ul>\n<h4>PARA PISCINAS DE ALVENARIA, VINIL OU FIBRA |\u00a0PRODUTO 100% NACIONAL.<\/h4>\n<p>Gra\u00e7as ao desenvolvimento da tecnologia dos Leds de pot\u00eancia, a ilumina\u00e7\u00e3o sub-aqu\u00e1tica multicolorida para piscinas ganha cada vez mais adeptos. A nova gera\u00e7\u00e3o de refletores com leds para ilumina\u00e7\u00e3o de piscina \u00e9 mesmo fant\u00e1stica, conseguindo reunir grande intensidade luminosa, melhor distribui\u00e7\u00e3o de luz, seguran\u00e7a e muita economia. Fica dif\u00edcil resistir a uma piscina iluminada com cores intensas e efeitos t\u00e3o variados de ilumina\u00e7\u00e3o.<\/p>\n","protected":false},"excerpt":{"rendered":"<h1>Lan\u00e7amento! Refletor de Led INOX para Piscina<\/h1>\n<div id=\"pl-759\" class=\"panel-layout\">\n<div id=\"pg-759-0\" class=\"panel-grid panel-no-style\">\n<div id=\"pgc-759-0-0\" class=\"panel-grid-cell\">\n<div id=\"panel-759-0-0-0\" class=\"so-panel widget widget_black-studio-tinymce widget_black_studio_tinymce panel-first-child panel-last-child\" data-index=\"0\">\n<div class=\"textwidget\">\n<h2>Refletor de LED INOX para PISCINAS DE ALVENARIA, VINIL OU FIBRA<\/h2>\n<\/div>\n<\/div>\n<\/div>\n<\/div>\n<\/div>\n","protected":false},"featured_media":44,"comment_status":"open","ping_status":"closed","template":"","meta":[],"product_cat":[22],"product_tag":[24,23,27,28],"_links":{"self":[{"href":"https:\/\/i9piscinas.com.br\/loja\/wp-json\/wp\/v2\/product\/43"}],"collection":[{"href":"https:\/\/i9piscinas.com.br\/loja\/wp-json\/wp\/v2\/product"}],"about":[{"href":"https:\/\/i9piscinas.com.br\/loja\/wp-json\/wp\/v2\/types\/product"}],"replies":[{"embeddable":true,"href":"https:\/\/i9piscinas.com.br\/loja\/wp-json\/wp\/v2\/comments?post=43"}],"wp:featuredmedia":[{"embeddable":true,"href":"https:\/\/i9piscinas.com.br\/loja\/wp-json\/wp\/v2\/media\/44"}],"wp:attachment":[{"href":"https:\/\/i9piscinas.com.br\/loja\/wp-json\/wp\/v2\/media?parent=43"}],"wp:term":[{"taxonomy":"product_cat","embeddable":true,"href":"https:\/\/i9piscinas.com.br\/loja\/wp-json\/wp\/v2\/product_cat?post=43"},{"taxonomy":"product_tag","embeddable":true,"href":"https:\/\/i9piscinas.com.br\/loja\/wp-json\/wp\/v2\/product_tag?post=43"}],"curies":[{"name":"wp","href":"https:\/\/api.w.org\/{rel}","templated":true}]}}